{"id":627,"date":"2019-12-16T11:56:11","date_gmt":"2019-12-16T10:56:11","guid":{"rendered":"https:\/\/www.mape.be\/interieur\/"},"modified":"2020-01-16T16:09:25","modified_gmt":"2020-01-16T15:09:25","slug":"interieurs","status":"publish","type":"page","link":"https:\/\/mape.be\/fr\/interieurs\/","title":{"rendered":"Int\u00e9rieurs"},"content":{"rendered":"","protected":false},"excerpt":{"rendered":"","protected":false},"author":1,"featured_media":0,"parent":0,"menu_order":20,"comment_status":"closed","ping_status":"closed","template":"template-service.php","meta":{"_acf_changed":false,"footnotes":""},"class_list":["post-627","page","type-page","status-publish","hentry"],"acf":[],"yoast_head":"<!-- This site is optimized with the Yoast SEO plugin v26.2 - https:\/\/yoast.com\/wordpress\/plugins\/seo\/ -->\n<title>Int\u00e9rieurs Mape : harmonieux et pratiques<\/title>\n<meta name=\"description\" content=\"Appliquer le m\u00eame style dans tout votre int\u00e9rieur ? Mape s\u2019en charge ! Avec un design 100 % belge, nous transformons vos pi\u00e8ces en un ensemble harmonieux.\" \/>\n<meta name=\"robots\" content=\"index, follow, max-snippet:-1, max-image-preview:large, max-video-preview:-1\" \/>\n<link rel=\"canonical\" href=\"https:\/\/mape.be\/fr\/interieurs\/\" \/>\n<meta property=\"og:locale\" content=\"fr_FR\" \/>\n<meta property=\"og:type\" content=\"article\" \/>\n<meta property=\"og:title\" content=\"Int\u00e9rieurs Mape : harmonieux et pratiques\" \/>\n<meta property=\"og:description\" content=\"Appliquer le m\u00eame style dans tout votre int\u00e9rieur ? Mape s\u2019en charge ! Avec un design 100 % belge, nous transformons vos pi\u00e8ces en un ensemble harmonieux.\" \/>\n<meta property=\"og:url\" content=\"https:\/\/mape.be\/fr\/interieurs\/\" \/>\n<meta property=\"og:site_name\" content=\"Mape\" \/>\n<meta property=\"article:modified_time\" content=\"2020-01-16T15:09:25+00:00\" \/>\n<meta name=\"twitter:card\" content=\"summary_large_image\" \/>\n<script type=\"application\/ld+json\" class=\"yoast-schema-graph\">{\"@context\":\"https:\/\/schema.org\",\"@graph\":[{\"@type\":\"WebPage\",\"@id\":\"https:\/\/mape.be\/fr\/interieurs\/\",\"url\":\"https:\/\/mape.be\/fr\/interieurs\/\",\"name\":\"Int\u00e9rieurs Mape : harmonieux et pratiques\",\"isPartOf\":{\"@id\":\"https:\/\/mape.be\/fr\/#website\"},\"datePublished\":\"2019-12-16T10:56:11+00:00\",\"dateModified\":\"2020-01-16T15:09:25+00:00\",\"description\":\"Appliquer le m\u00eame style dans tout votre int\u00e9rieur ? Mape s\u2019en charge ! Avec un design 100 % belge, nous transformons vos pi\u00e8ces en un ensemble harmonieux.\",\"breadcrumb\":{\"@id\":\"https:\/\/mape.be\/fr\/interieurs\/#breadcrumb\"},\"inLanguage\":\"fr-FR\",\"potentialAction\":[{\"@type\":\"ReadAction\",\"target\":[\"https:\/\/mape.be\/fr\/interieurs\/\"]}]},{\"@type\":\"BreadcrumbList\",\"@id\":\"https:\/\/mape.be\/fr\/interieurs\/#breadcrumb\",\"itemListElement\":[{\"@type\":\"ListItem\",\"position\":1,\"name\":\"Home\",\"item\":\"https:\/\/mape.be\/fr\/\"},{\"@type\":\"ListItem\",\"position\":2,\"name\":\"Int\u00e9rieurs\"}]},{\"@type\":\"WebSite\",\"@id\":\"https:\/\/mape.be\/fr\/#website\",\"url\":\"https:\/\/mape.be\/fr\/\",\"name\":\"Mape\",\"description\":\"Kitchen and Interior\",\"potentialAction\":[{\"@type\":\"SearchAction\",\"target\":{\"@type\":\"EntryPoint\",\"urlTemplate\":\"https:\/\/mape.be\/fr\/?s={search_term_string}\"},\"query-input\":{\"@type\":\"PropertyValueSpecification\",\"valueRequired\":true,\"valueName\":\"search_term_string\"}}],\"inLanguage\":\"fr-FR\"}]}<\/script>\n<!-- \/ Yoast SEO plugin. -->","yoast_head_json":{"title":"Int\u00e9rieurs Mape : harmonieux et pratiques","description":"Appliquer le m\u00eame style dans tout votre int\u00e9rieur ? Mape s\u2019en charge ! Avec un design 100 % belge, nous transformons vos pi\u00e8ces en un ensemble harmonieux.","robots":{"index":"index","follow":"follow","max-snippet":"max-snippet:-1","max-image-preview":"max-image-preview:large","max-video-preview":"max-video-preview:-1"},"canonical":"https:\/\/mape.be\/fr\/interieurs\/","og_locale":"fr_FR","og_type":"article","og_title":"Int\u00e9rieurs Mape : harmonieux et pratiques","og_description":"Appliquer le m\u00eame style dans tout votre int\u00e9rieur ? Mape s\u2019en charge ! Avec un design 100 % belge, nous transformons vos pi\u00e8ces en un ensemble harmonieux.","og_url":"https:\/\/mape.be\/fr\/interieurs\/","og_site_name":"Mape","article_modified_time":"2020-01-16T15:09:25+00:00","twitter_card":"summary_large_image","schema":{"@context":"https:\/\/schema.org","@graph":[{"@type":"WebPage","@id":"https:\/\/mape.be\/fr\/interieurs\/","url":"https:\/\/mape.be\/fr\/interieurs\/","name":"Int\u00e9rieurs Mape : harmonieux et pratiques","isPartOf":{"@id":"https:\/\/mape.be\/fr\/#website"},"datePublished":"2019-12-16T10:56:11+00:00","dateModified":"2020-01-16T15:09:25+00:00","description":"Appliquer le m\u00eame style dans tout votre int\u00e9rieur ? Mape s\u2019en charge ! Avec un design 100 % belge, nous transformons vos pi\u00e8ces en un ensemble harmonieux.","breadcrumb":{"@id":"https:\/\/mape.be\/fr\/interieurs\/#breadcrumb"},"inLanguage":"fr-FR","potentialAction":[{"@type":"ReadAction","target":["https:\/\/mape.be\/fr\/interieurs\/"]}]},{"@type":"BreadcrumbList","@id":"https:\/\/mape.be\/fr\/interieurs\/#breadcrumb","itemListElement":[{"@type":"ListItem","position":1,"name":"Home","item":"https:\/\/mape.be\/fr\/"},{"@type":"ListItem","position":2,"name":"Int\u00e9rieurs"}]},{"@type":"WebSite","@id":"https:\/\/mape.be\/fr\/#website","url":"https:\/\/mape.be\/fr\/","name":"Mape","description":"Kitchen and Interior","potentialAction":[{"@type":"SearchAction","target":{"@type":"EntryPoint","urlTemplate":"https:\/\/mape.be\/fr\/?s={search_term_string}"},"query-input":{"@type":"PropertyValueSpecification","valueRequired":true,"valueName":"search_term_string"}}],"inLanguage":"fr-FR"}]}},"_links":{"self":[{"href":"https:\/\/mape.be\/fr\/wp-json\/wp\/v2\/pages\/627","targetHints":{"allow":["GET"]}}],"collection":[{"href":"https:\/\/mape.be\/fr\/wp-json\/wp\/v2\/pages"}],"about":[{"href":"https:\/\/mape.be\/fr\/wp-json\/wp\/v2\/types\/page"}],"author":[{"embeddable":true,"href":"https:\/\/mape.be\/fr\/wp-json\/wp\/v2\/users\/1"}],"replies":[{"embeddable":true,"href":"https:\/\/mape.be\/fr\/wp-json\/wp\/v2\/comments?post=627"}],"version-history":[{"count":2,"href":"https:\/\/mape.be\/fr\/wp-json\/wp\/v2\/pages\/627\/revisions"}],"predecessor-version":[{"id":629,"href":"https:\/\/mape.be\/fr\/wp-json\/wp\/v2\/pages\/627\/revisions\/629"}],"wp:attachment":[{"href":"https:\/\/mape.be\/fr\/wp-json\/wp\/v2\/media?parent=627"}],"curies":[{"name":"wp","href":"https:\/\/api.w.org\/{rel}","templated":true}]}}